{"id":4627,"date":"2021-11-08T19:35:25","date_gmt":"2021-11-08T18:35:25","guid":{"rendered":"https:\/\/www.realtime-it.de\/index.php\/hauptsaechlich\/"},"modified":"2023-04-25T16:31:28","modified_gmt":"2023-04-25T14:31:28","slug":"startseite","status":"publish","type":"page","link":"https:\/\/www.realtime-it.de\/","title":{"rendered":"Startseite"},"content":{"rendered":"<div  data-label=\"TSN\" data-id=\"cta--1\" data-export-id=\"cta-centered-section-grid\" data-category=\"cta\" class=\"cta-centered-section-grid content-section content-section-spacing-medium bg-color1 white-text\" id=\"tsn-1\" style=\"background-image: none; background-color: rgb(255, 255, 255);\"><div  class=\"gridContainer\"> <div  class=\"row text-center\"><div  class=\"col-xs-12 col-sm-10 col-sm-offset-1 col-md-8 col-md-offset-2\" data-type=\"column\">  <p  class=\"lead\"><span  style=\"font-weight: 400;\"><span  style=\"color: rgb(60, 66, 79);\">TSN-Standards unterst\u00fctzen die Entwicklung und Integration verteilter Anwendungen mit unterschiedlicher<\/span> <span  style=\"color: rgb(60, 66, 79);\">Kritikalit\u00e4t in einer Ethernet-basierten Netzwerkinfrastruktur.<\/span>\n<br ><br > <span  style=\"color: rgb(60, 66, 79);\">Als Basistechnologie f\u00fcr Industrie 4.0 und IoT tr\u00e4gt TSN dazu bei, die Heterogenit\u00e4t von Netzwerktechnologien zu reduzieren und die Entwicklung verteilter Anwendungen zu vereinfachen.<\/span><\/span><\/p> <a class=\"button big color1\" href=\"https:\/\/1.ieee802.org\/tsn\" target=\"_self\" data-cp-link=\"1\" data-icon=\"\" rel=\"noopener\">Entdecken Sie die TSN-Standards<\/a><\/div> <\/div><\/div> <\/div><div  data-label=\"Overview\" data-id=\"overlappable--4\" data-export-id=\"overlappable-1\" data-category=\"overlappable\" class=\"overlappable-1 content-section content-section-spacing content-relative\" data-overlap=\"true\" id=\"overview\" style=\"background-color: rgba(255, 255, 255, 0); background-image: none;\" data-section-ov=\"1\"><div  class=\"gridContainer\"> <div  data-type=\"row\" class=\"row shadow-medium\"><div  data-type=\"column\" class=\"col-xs-12 flexcol col-padding col-padding-small-xs col-sm-6 col-md-3 bg-color-white\"> <i  class=\"fa icon fa-clock-o large color2\"><\/i> <h5  class=\"\"><span  style=\"font-weight: 400;\">Zeitsynchronization<\/span><br ><span  id=\"_mce_caret\" data-mce-bogus=\"1\" data-mce-type=\"format-caret\"><\/span><\/h5> <p  class=\"\">Die Zeitsynchronisation spielt bei der Echtzeitkommunikation eine wesentliche Rolle und bedeutet, dass alle an einer Echtzeitanwendung beteiligten Netzwerkger\u00e4te die gleiche Zeitreferenz ben\u00f6tigen.<\/p> <a class=\"button color2 outline\" href=\"https:\/\/standards.ieee.org\/standard\/802_1AS-2020.html\" target=\"_self\" data-cp-link=\"1\" data-icon=\"\" rel=\"noopener\">WEITERLESEN<\/a><\/div> <div  data-type=\"column\" class=\"col-xs-12 flexcol col-padding col-padding-small-xs inverted bg-color2 col-sm-6 col-md-3\"><i  class=\"fa icon white fa-calendar-check-o large color-white\"><\/i> <h5  class=\"inverted\">Verkehrsplanung<\/h5> <p  class=\"\">Scheduling und Traffic Shaping Mechanismen erm\u00f6glichen die Unterst\u00fctzung von gemischt-kritischen Datenstr\u00f6men mit unterschiedlichen Priorit\u00e4ten und Anforderungen an Bandbreite und Latenz.<\/p> <a class=\"button inverted color-white outline\" href=\"https:\/\/standards.ieee.org\/standard\/802_1Qbv-2015.html\" target=\"_self\" data-cp-link=\"1\" data-icon=\"\" rel=\"noopener\">WEITERLESEN<\/a><\/div> <div  data-type=\"column\" class=\"col-xs-12 flexcol col-padding col-padding-small-xs inverted bg-color7 col-sm-6 col-md-3 bg-color-black\"><i  class=\"fa icon fa-clone large color2\"><\/i> <h5  class=\"inverted\">Nahtlose Redundanz<\/h5> <p  class=\"\">Um Ausfallsicherheit mit nahtloser Redundanz f\u00fcr sicherheitskritische Anwendungen zu erm\u00f6glichen,\npr\u00e4sentiert der Standard IEEE 802.1CB die Vervielf\u00e4ltigung und Beseitigung von Frames.<\/p> <a class=\"button color2 outline\" href=\"https:\/\/standards.ieee.org\/standard\/802_1CB-2017.html\" target=\"_self\" data-cp-link=\"1\" data-icon=\"\" rel=\"noopener\">WEITERLESEN<\/a><\/div><div  data-type=\"column\" class=\"col-xs-12 flexcol col-padding col-padding-small-xs col-sm-6 col-md-3 bg-color6\"> <a data-cp-link=\"1\" href=\"#\" class=\"\" target=\"_self\" rel=\"noopener\"><i  class=\"fa icon fa-cogs large color3\"><\/i><\/a> <h5  class=\"\"><span  style=\"color: rgb(255, 255, 255);\">Konfiguration<span  style=\"color: rgb(255, 255, 255);\"><\/span><\/span> <span  id=\"_mce_caret\" data-mce-bogus=\"1\" data-mce-type=\"format-caret\"><\/span> <span  id=\"_mce_caret\" data-mce-bogus=\"1\" data-mce-type=\"format-caret\"><span  style=\"color: rgb(255, 255, 255);\"> <\/span><\/span><\/h5> <p  class=\"\"><span  style=\"color: rgb(255, 255, 255);\">Voraussetzung f\u00fcr die erfolgreiche Inbetriebnahme des Netzwerks ist eine funktionierende und verifizierte Konfiguration des Netzwerks. IEEE 802.1Qcc stellt L\u00f6sungen vor.<\/span><span  id=\"_mce_caret\" data-mce-bogus=\"1\" data-mce-type=\"format-caret\"><span  style=\"color: rgb(255, 255, 255);\"><\/span><\/span><\/p> <a class=\"button color3 outline\" href=\"https:\/\/standards.ieee.org\/standard\/802_1Qcc-2018.html\" target=\"_self\" data-cp-link=\"1\" data-icon=\"\" rel=\"noopener\">WEITERLESEN<\/a><\/div> <\/div><\/div> <\/div><div  data-label=\"About\" data-id=\"about--5\" data-export-id=\"about-9\" data-category=\"about\" class=\"about-9 content-section content-section-spacing\" id=\"about\" style=\"background-color: rgb(255, 255, 255); background-image: none;\"><div  class=\"gridContainer\"> <div  class=\"row middle-sm text-center\"><div  class=\"col-sm-5 space-bottom-xs content-column content-left-sm\" data-type=\"column\"> <h5  class=\"\">\u00dcber uns<\/h5> <h2  class=\"\">RealtimeIT<\/h2> <p  class=\"\">Wir sind ein Start-up im Zentrum von M\u00fcnchen und verf\u00fcgen \u00fcber langj\u00e4hrige Erfahrung in der Forschung und Entwicklung von Echtzeitsystemen und Netzwerkarchitekturen. Wir besch\u00e4ftigen uns sehr intensiv und leidenschaftlich mit Time-Sensitive Networking und entwickeln zusammen mit unseren Partnern einf\u00fchrende Education-Kits. Dar\u00fcber hinaus entwickeln wir ma\u00dfgeschneiderte Netzwerkprototypen und Konfigurationstools f\u00fcr fortgeschrittene Anwendungen.\n<br ><br >\nGemeinsam mit Ihnen wollen wir mit dem neuestem Stand der Forschung und Technik die Zukunft der Echtzeitkommunikation mitgestalten.<\/p> <\/div> <div  class=\"col-sm-7 flexbox flexbox middle-xs center-xs space-bottom-xs first-xs last-sm\"><div  class=\"overlay-box flexbox middle-xs center-xs overlay-holder \"> <div  class=\"overlay-box-offset offset-background shadow-medium bg-color2 hide-xs\"><\/div> <img  decoding=\"async\" class=\"flexbox shadow-large img1\" src=\"https:\/\/www.realtime-it.de\/wp-content\/uploads\/\/2021\/11\/logo-screenshot.svg\" data-size=\"600x400\" title=\"logo-screenshot\" alt=\"\"><\/div> <\/div><\/div> <\/div><\/div><div  data-label=\"Services\" data-id=\"overlappable--1\" data-export-id=\"overlappable-2\" data-category=\"overlappable\" class=\"overlappable-2 content-section content-section-spacing\" data-overlap=\"true\" id=\"services\" style=\"background-color: rgb(255, 255, 255);\"><div  class=\"gridContainer\"> <div  class=\"row middle-sm shadow-medium bg-color-white\"><div  class=\"col-xs-12 col-sm-4 top-sm col-padding col-padding-xs\" data-type=\"column\"> <h3  class=\"\"><span  style=\"font-weight: 700;\">Unsere Dienstleistungen<\/span><\/h3><h3  class=\"font-300\">Basierend auf Ihren Bed\u00fcrfnissen konzipieren, bauen und konfigurieren wir ein auf Sie zugeschnittenes prototypisches TSN-Netzwerk, damit Sie Ihre Anwendungen testen und die <span  style=\"color: rgb(3, 169, 244);\">optimalen Entscheidungen treffen<\/span> k\u00f6nnen, bevor Sie <span  style=\"color: rgb(3, 169, 244);\">Zeit<\/span> und <span  style=\"color: rgb(3, 169, 244);\">Geld<\/span> in Gro\u00dfprojekte investieren.<\/h3>  <\/div> <div  class=\"col-xs-12 col-sm-8\"><div  data-type=\"row\" class=\"row\"> <div  class=\"col-xs-12 col-sm-6 col-padding col-padding-small-xs\"><i  class=\"fa icon fa-search bordered round color1\"><\/i> <h5  class=\"\">Anforderungsanalyse<\/h5> <p  class=\"\">Vor dem Design und der Entwicklung eines TSN-Netzwerks ist eine detaillierte Analyse Ihrer Anwendungen einschlie\u00dflich funktionaler und nicht funktionaler Anforderungen ein Muss! Auf diese Weise k\u00f6nnen Sie die TSN-Features (definiert in IEEE-Standards) herausfinden, die f\u00fcr Ihr Projekt am relevantesten sind. Wir unterst\u00fctzen Sie eine ma\u00dfgeschneiderte und effiziente L\u00f6sung zu finden, die unn\u00f6tige Hardware- und Softwarekosten spart.<\/p><\/div> <div  class=\"col-xs-12 col-sm-6 col-padding col-padding-small-xs\"><i  class=\"fa icon fa-wrench bordered round color1\"><\/i> <h5  class=\"\">Implementierung und Konfiguration<\/h5> <p  class=\"\">Nach erfolgreicher Anforderungsanalyse und Design der Netzwerkarchitektur implementieren wir f\u00fcr Sie ein TSN-Netzwerk mit der notwendigen Hardware. Wir \u00fcbernehmen die Netzwerkkonfiguration (Switches und Endstationen) und unterst\u00fctzen Sie bei der Integration Ihrer Anwendungen in das Netzwerk.<\/p><\/div> <div  class=\"col-xs-12 col-sm-6 col-padding col-padding-small-xs\"> <i  class=\"fa icon fa-calendar-check-o bordered round color1\"><\/i> <h5  class=\"\">Netzwerkdesign und Verkehrsplanung<\/h5> <p  class=\"\">Mit erweiterbaren grafischen Netzwerkmodellen helfen wir Ihnen, Ihre ersten Ideen zu Netzwerktopologie, Datenstr\u00f6me und Echtzeitanforderungen zu konkretisieren. Wir wenden das Modellierungsframework AutoTSN (TSN Designer) an und bieten Ihnen einen einzigartigen Ansatz zur Vereinfachung des Topologiedesigns und der Verkehrsplanung, der Ihnen Zeit und Geld spart.<\/p><\/div><div  class=\"col-xs-12 col-sm-6 col-padding col-padding-small-xs\"><i  class=\"fa icon fa-graduation-cap bordered round color1\"><\/i> <h5  class=\"\">Learning by doing<\/h5> <p  class=\"\">Sie m\u00f6chten nicht in ein eigenes TSN-Setup investieren, sondern in einem ersten Schritt TSN-Technologie theoretisch und praktisch kennenlernen? Dann werfen Sie einen Blick in unsere Schulungen ein, in den wir gemeinsam die TSN-Funktionalit\u00e4ten durch praktische Aufgaben mit unseren Education-Kits entdecken.<\/p><\/div>  <\/div><\/div> <\/div><\/div> <\/div><div  data-label=\"Kontakt\" data-id=\"content--1\" data-export-id=\"content-12\" data-category=\"content\" class=\"content-12 content-section content-section-spacing\" id=\"kontakt\" style=\"background-color: rgb(255, 255, 255); background-image: none;\"><div  class=\"gridContainer\"> <div  class=\"row text-center\"><div  class=\"section-title-col\" data-type=\"column\">  <h3  class=\"\"><span  style=\"color: rgb(3, 169, 244);\">Wir freuen uns auf Ihren Besuch!<\/span><\/h3><p  class=\"lead\">Adresse: Landwehrstr. 61, 80336 M\u00fcnchen<\/p><p  class=\"lead\">Telefon: +49(0)8912010807<\/p><p  class=\"lead\">Email: info@realtime-it.de<\/p><p  class=\"lead\">Bauen Sie und konfigurieren Sie Ihre ersten TSN Netzwerk-Prototypen zusammen mit uns!<\/p><img  decoding=\"async\" class=\"custom-image\" src=\"https:\/\/www.realtime-it.de\/wp-content\/uploads\/2022\/05\/kontakt.png\" title=\"kontakt\" alt=\"\"><\/div> <\/div> <div  class=\"row center-xs middle-xs\"> <div  class=\"col-sm-9\" data-type=\"column\"> <\/div> <\/div><\/div> <\/div>","protected":false},"excerpt":{"rendered":"<p>TSN-Standards unterst\u00fctzen die Entwicklung und Integration verteilter Anwendungen mit unterschiedlicher Kritikalit\u00e4t in einer Ethernet-basierten Netzwerkinfrastruktur. Als Basistechnologie f\u00fcr Industrie 4.0 und IoT tr\u00e4gt TSN dazu bei, die Heterogenit\u00e4t von Netzwerktechnologien zu reduzieren und die Entwicklung verteilter Anwendungen zu vereinfachen. Entdecken Sie die TSN-Standards Zeitsynchronization Die Zeitsynchronisation spielt bei der Echtzeitkommunikation eine wesentliche Rolle und bedeutet,&hellip; <br \/> <a class=\"read-more\" href=\"https:\/\/www.realtime-it.de\/\">Weiterlesen<\/a><\/p>\n","protected":false},"author":1,"featured_media":0,"parent":0,"menu_order":0,"comment_status":"closed","ping_status":"closed","template":"page-templates\/homepage.php","meta":{"inline_featured_image":false},"yoast_head":"<!-- This site is optimized with the Yoast SEO plugin v20.11 - https:\/\/yoast.com\/wordpress\/plugins\/seo\/ -->\n<title>Startseite - RealtimeIT<\/title>\n<meta name=\"description\" content=\"Wir unterst\u00fctzen Sie, die Entwicklung von zeit-, und sicherheitskritischen verteilten Anwendungen auf Basis der TSN-Technologie zu beschleunigen.\" \/>\n<meta name=\"robots\" content=\"index, follow, max-snippet:-1, max-image-preview:large, max-video-preview:-1\" \/>\n<link rel=\"canonical\" href=\"https:\/\/www.realtime-it.de\/\" \/>\n<meta property=\"og:locale\" content=\"de_DE\" \/>\n<meta property=\"og:type\" content=\"article\" \/>\n<meta property=\"og:title\" content=\"Startseite - RealtimeIT\" \/>\n<meta property=\"og:description\" content=\"Wir unterst\u00fctzen Sie, die Entwicklung von zeit-, und sicherheitskritischen verteilten Anwendungen auf Basis der TSN-Technologie zu beschleunigen.\" \/>\n<meta property=\"og:url\" content=\"https:\/\/www.realtime-it.de\/\" \/>\n<meta property=\"og:site_name\" content=\"RealtimeIT\" \/>\n<meta property=\"article:modified_time\" content=\"2023-04-25T14:31:28+00:00\" \/>\n<meta property=\"og:image\" content=\"https:\/\/www.realtime-it.de\/wp-content\/uploads\/\/2021\/11\/logo-screenshot.svg\" \/>\n<meta name=\"twitter:card\" content=\"summary_large_image\" \/>\n<meta name=\"twitter:label1\" content=\"Gesch\u00e4tzte Lesezeit\" \/>\n\t<meta name=\"twitter:data1\" content=\"3\u00a0Minuten\" \/>\n<script type=\"application\/ld+json\" class=\"yoast-schema-graph\">{\"@context\":\"https:\/\/schema.org\",\"@graph\":[{\"@type\":\"WebPage\",\"@id\":\"https:\/\/www.realtime-it.de\/\",\"url\":\"https:\/\/www.realtime-it.de\/\",\"name\":\"Startseite - RealtimeIT\",\"isPartOf\":{\"@id\":\"https:\/\/www.realtime-it.de\/#website\"},\"datePublished\":\"2021-11-08T18:35:25+00:00\",\"dateModified\":\"2023-04-25T14:31:28+00:00\",\"description\":\"Wir unterst\u00fctzen Sie, die Entwicklung von zeit-, und sicherheitskritischen verteilten Anwendungen auf Basis der TSN-Technologie zu beschleunigen.\",\"breadcrumb\":{\"@id\":\"https:\/\/www.realtime-it.de\/#breadcrumb\"},\"inLanguage\":\"de\",\"potentialAction\":[{\"@type\":\"ReadAction\",\"target\":[\"https:\/\/www.realtime-it.de\/\"]}]},{\"@type\":\"BreadcrumbList\",\"@id\":\"https:\/\/www.realtime-it.de\/#breadcrumb\",\"itemListElement\":[{\"@type\":\"ListItem\",\"position\":1,\"name\":\"Startseite\",\"item\":\"https:\/\/www.realtime-it.de\/\"},{\"@type\":\"ListItem\",\"position\":2,\"name\":\"Startseite\"}]},{\"@type\":\"WebSite\",\"@id\":\"https:\/\/www.realtime-it.de\/#website\",\"url\":\"https:\/\/www.realtime-it.de\/\",\"name\":\"RealtimeIT\",\"description\":\"\",\"publisher\":{\"@id\":\"https:\/\/www.realtime-it.de\/#organization\"},\"potentialAction\":[{\"@type\":\"SearchAction\",\"target\":{\"@type\":\"EntryPoint\",\"urlTemplate\":\"https:\/\/www.realtime-it.de\/?s={search_term_string}\"},\"query-input\":\"required name=search_term_string\"}],\"inLanguage\":\"de\"},{\"@type\":\"Organization\",\"@id\":\"https:\/\/www.realtime-it.de\/#organization\",\"name\":\"RealtimeIT\",\"url\":\"https:\/\/www.realtime-it.de\/\",\"logo\":{\"@type\":\"ImageObject\",\"inLanguage\":\"de\",\"@id\":\"https:\/\/www.realtime-it.de\/#\/schema\/logo\/image\/\",\"url\":\"https:\/\/www.realtime-it.de\/wp-content\/uploads\/2021\/09\/whitegray_svg.svg\",\"contentUrl\":\"https:\/\/www.realtime-it.de\/wp-content\/uploads\/2021\/09\/whitegray_svg.svg\",\"width\":4004,\"height\":1413,\"caption\":\" RealtimeIT\"},\"image\":{\"@id\":\"https:\/\/www.realtime-it.de\/#\/schema\/logo\/image\/\"},\"sameAs\":[\"https:\/\/www.youtube.com\/@realtimeit2750\"]}]}<\/script>\n<!-- \/ Yoast SEO plugin. -->","yoast_head_json":{"title":"Startseite - RealtimeIT","description":"Wir unterst\u00fctzen Sie, die Entwicklung von zeit-, und sicherheitskritischen verteilten Anwendungen auf Basis der TSN-Technologie zu beschleunigen.","robots":{"index":"index","follow":"follow","max-snippet":"max-snippet:-1","max-image-preview":"max-image-preview:large","max-video-preview":"max-video-preview:-1"},"canonical":"https:\/\/www.realtime-it.de\/","og_locale":"de_DE","og_type":"article","og_title":"Startseite - RealtimeIT","og_description":"Wir unterst\u00fctzen Sie, die Entwicklung von zeit-, und sicherheitskritischen verteilten Anwendungen auf Basis der TSN-Technologie zu beschleunigen.","og_url":"https:\/\/www.realtime-it.de\/","og_site_name":"RealtimeIT","article_modified_time":"2023-04-25T14:31:28+00:00","og_image":[{"url":"https:\/\/www.realtime-it.de\/wp-content\/uploads\/\/2021\/11\/logo-screenshot.svg"}],"twitter_card":"summary_large_image","twitter_misc":{"Gesch\u00e4tzte Lesezeit":"3\u00a0Minuten"},"schema":{"@context":"https:\/\/schema.org","@graph":[{"@type":"WebPage","@id":"https:\/\/www.realtime-it.de\/","url":"https:\/\/www.realtime-it.de\/","name":"Startseite - RealtimeIT","isPartOf":{"@id":"https:\/\/www.realtime-it.de\/#website"},"datePublished":"2021-11-08T18:35:25+00:00","dateModified":"2023-04-25T14:31:28+00:00","description":"Wir unterst\u00fctzen Sie, die Entwicklung von zeit-, und sicherheitskritischen verteilten Anwendungen auf Basis der TSN-Technologie zu beschleunigen.","breadcrumb":{"@id":"https:\/\/www.realtime-it.de\/#breadcrumb"},"inLanguage":"de","potentialAction":[{"@type":"ReadAction","target":["https:\/\/www.realtime-it.de\/"]}]},{"@type":"BreadcrumbList","@id":"https:\/\/www.realtime-it.de\/#breadcrumb","itemListElement":[{"@type":"ListItem","position":1,"name":"Startseite","item":"https:\/\/www.realtime-it.de\/"},{"@type":"ListItem","position":2,"name":"Startseite"}]},{"@type":"WebSite","@id":"https:\/\/www.realtime-it.de\/#website","url":"https:\/\/www.realtime-it.de\/","name":"RealtimeIT","description":"","publisher":{"@id":"https:\/\/www.realtime-it.de\/#organization"},"potentialAction":[{"@type":"SearchAction","target":{"@type":"EntryPoint","urlTemplate":"https:\/\/www.realtime-it.de\/?s={search_term_string}"},"query-input":"required name=search_term_string"}],"inLanguage":"de"},{"@type":"Organization","@id":"https:\/\/www.realtime-it.de\/#organization","name":"RealtimeIT","url":"https:\/\/www.realtime-it.de\/","logo":{"@type":"ImageObject","inLanguage":"de","@id":"https:\/\/www.realtime-it.de\/#\/schema\/logo\/image\/","url":"https:\/\/www.realtime-it.de\/wp-content\/uploads\/2021\/09\/whitegray_svg.svg","contentUrl":"https:\/\/www.realtime-it.de\/wp-content\/uploads\/2021\/09\/whitegray_svg.svg","width":4004,"height":1413,"caption":" RealtimeIT"},"image":{"@id":"https:\/\/www.realtime-it.de\/#\/schema\/logo\/image\/"},"sameAs":["https:\/\/www.youtube.com\/@realtimeit2750"]}]}},"_links":{"self":[{"href":"https:\/\/www.realtime-it.de\/index.php\/wp-json\/wp\/v2\/pages\/4627"}],"collection":[{"href":"https:\/\/www.realtime-it.de\/index.php\/wp-json\/wp\/v2\/pages"}],"about":[{"href":"https:\/\/www.realtime-it.de\/index.php\/wp-json\/wp\/v2\/types\/page"}],"author":[{"embeddable":true,"href":"https:\/\/www.realtime-it.de\/index.php\/wp-json\/wp\/v2\/users\/1"}],"replies":[{"embeddable":true,"href":"https:\/\/www.realtime-it.de\/index.php\/wp-json\/wp\/v2\/comments?post=4627"}],"version-history":[{"count":64,"href":"https:\/\/www.realtime-it.de\/index.php\/wp-json\/wp\/v2\/pages\/4627\/revisions"}],"predecessor-version":[{"id":5874,"href":"https:\/\/www.realtime-it.de\/index.php\/wp-json\/wp\/v2\/pages\/4627\/revisions\/5874"}],"wp:attachment":[{"href":"https:\/\/www.realtime-it.de\/index.php\/wp-json\/wp\/v2\/media?parent=4627"}],"curies":[{"name":"wp","href":"https:\/\/api.w.org\/{rel}","templated":true}]}}